{"id":138,"date":"2010-01-14T18:17:51","date_gmt":"2010-01-14T18:17:51","guid":{"rendered":"http:\/\/www.rostok-center.de.i-srv.net\/?page_id=2"},"modified":"2019-09-30T19:48:14","modified_gmt":"2019-09-30T18:48:14","slug":"about-2","status":"publish","type":"page","link":"http:\/\/www.rostok-center.de\/de\/about-2\/","title":{"rendered":"\u00dcber uns"},"content":{"rendered":"<p>Herzlich willkommen!<br \/>\nWir sind das Kinderzentrum f\u00fcr Kinder und Jugendliche &#8220;Rostok&#8221; e.V.<\/p>\n<p>Seit 15 Jahren sind die T\u00fcren unseres Zentrums f\u00fcr alle Kindern ge\u00f6ffnet, die russische Sprache, Kultur, Traditionen, sowie Literatur, Kunst und Musik des russischen Volkes kennen lernen m\u00f6chten.<\/p>\n<p>Unser Ziel ist die F\u00f6rderung internationaler Gesinnung, der Toleranz auf allen Gebieten der Kultur und des V\u00f6lkerverst\u00e4ndigungsgedankens.<br \/>\nBesonderes Anliegen des Vereins ist die kulturelle Kinder- und Jugendarbeit. Die Schwerpunkte der Arbeit liegen in der au\u00dferschulischen Bildungsarbeit, Freizeitgestaltung, Kulturarbeit und der internationalen Begegnung.<\/p>\n<p>Kinderzentrum &#8220;Rostok&#8221; &#8211; das ist ein Haus, in dem die Kinder und Jugendliche spielen, singen, zeichnen, tanzen und wahre Freunde finden!<\/p>\n","protected":false},"excerpt":{"rendered":"<p>Herzlich willkommen! Wir sind das Kinderzentrum f\u00fcr Kinder und Jugendliche &#8220;Rostok&#8221; e.V. Seit 15 Jahren sind die T\u00fcren unseres Zentrums f\u00fcr alle Kindern ge\u00f6ffnet, die russische Sprache, Kultur, Traditionen, sowie Literatur, Kunst und Musik des russischen Volkes kennen lernen m\u00f6chten. Unser Ziel ist die F\u00f6rderung internationaler Gesinnung, der Toleranz auf allen Gebieten der Kultur und [&hellip;]<\/p>\n","protected":false},"author":3,"featured_media":0,"parent":0,"menu_order":0,"comment_status":"closed","ping_status":"open","template":"","meta":[],"_links":{"self":[{"href":"http:\/\/www.rostok-center.de\/de\/wp-json\/wp\/v2\/pages\/138"}],"collection":[{"href":"http:\/\/www.rostok-center.de\/de\/wp-json\/wp\/v2\/pages"}],"about":[{"href":"http:\/\/www.rostok-center.de\/de\/wp-json\/wp\/v2\/types\/page"}],"author":[{"embeddable":true,"href":"http:\/\/www.rostok-center.de\/de\/wp-json\/wp\/v2\/users\/3"}],"replies":[{"embeddable":true,"href":"http:\/\/www.rostok-center.de\/de\/wp-json\/wp\/v2\/comments?post=138"}],"version-history":[{"count":31,"href":"http:\/\/www.rostok-center.de\/de\/wp-json\/wp\/v2\/pages\/138\/revisions"}],"predecessor-version":[{"id":4600,"href":"http:\/\/www.rostok-center.de\/de\/wp-json\/wp\/v2\/pages\/138\/revisions\/4600"}],"wp:attachment":[{"href":"http:\/\/www.rostok-center.de\/de\/wp-json\/wp\/v2\/media?parent=138"}],"curies":[{"name":"wp","href":"https:\/\/api.w.org\/{rel}","templated":true}]}}